


{"id":39,"date":"2021-03-03T19:26:33","date_gmt":"2021-03-03T19:26:33","guid":{"rendered":"http:\/\/storakulturbloggpriset.se\/kontakta-oss\/"},"modified":"2021-03-03T19:26:33","modified_gmt":"2021-03-03T19:26:33","slug":"kontakta-oss","status":"publish","type":"page","link":"https:\/\/storakulturbloggpriset.se\/?page_id=39","title":{"rendered":"Kontakta oss"},"content":{"rendered":"<h3 style=\"text-align: center; font-size: 30px;\">Har du n\u00e5gra fr\u00e5gor kan du kontakta oss genom formul\u00e4ret.<\/h3>\n<p><\/p>\n<h3 style=\"text-align: center; font-size: 25px;\"><a href=\"mailto:elin@storakulturbloggpriset.se;\">elin@storakulturbloggpriset.se<\/a><\/h3>\n","protected":false},"excerpt":{"rendered":"<p>Har du n\u00e5gra fr\u00e5gor kan du kontakta oss genom formul\u00e4ret. elin@storakulturbloggpriset.se<\/p>\n","protected":false},"author":1,"featured_media":0,"parent":0,"menu_order":0,"comment_status":"closed","ping_status":"closed","template":"","meta":{"footnotes":""},"class_list":["post-39","page","type-page","status-publish","hentry"],"_links":{"self":[{"href":"https:\/\/storakulturbloggpriset.se\/index.php?rest_route=\/wp\/v2\/pages\/39"}],"collection":[{"href":"https:\/\/storakulturbloggpriset.se\/index.php?rest_route=\/wp\/v2\/pages"}],"about":[{"href":"https:\/\/storakulturbloggpriset.se\/index.php?rest_route=\/wp\/v2\/types\/page"}],"author":[{"embeddable":true,"href":"https:\/\/storakulturbloggpriset.se\/index.php?rest_route=\/wp\/v2\/users\/1"}],"replies":[{"embeddable":true,"href":"https:\/\/storakulturbloggpriset.se\/index.php?rest_route=%2Fwp%2Fv2%2Fcomments&post=39"}],"version-history":[{"count":0,"href":"https:\/\/storakulturbloggpriset.se\/index.php?rest_route=\/wp\/v2\/pages\/39\/revisions"}],"wp:attachment":[{"href":"https:\/\/storakulturbloggpriset.se\/index.php?rest_route=%2Fwp%2Fv2%2Fmedia&parent=39"}],"curies":[{"name":"wp","href":"https:\/\/api.w.org\/{rel}","templated":true}]}}